{"id":331,"date":"2025-09-05T14:42:53","date_gmt":"2025-09-05T14:42:53","guid":{"rendered":"https:\/\/genpek.hu\/contact\/"},"modified":"2025-10-27T17:42:58","modified_gmt":"2025-10-27T17:42:58","slug":"contact","status":"publish","type":"page","link":"https:\/\/genpek.hu\/en\/contact\/","title":{"rendered":"Contacts"},"content":{"rendered":"\t\t<div data-elementor-type=\"wp-page\" data-elementor-id=\"331\" class=\"elementor elementor-331\" data-elementor-post-type=\"page\">\n\t\t\t\t<div class=\"elementor-element elementor-element-431d568a e-flex e-con-boxed e-con e-parent\" data-id=\"431d568a\" data-element_type=\"container\" data-e-type=\"container\">\n\t\t\t\t\t<div class=\"e-con-inner\">\n\t\t<div class=\"elementor-element elementor-element-2ec5d63c e-con-full e-flex e-con e-child\" data-id=\"2ec5d63c\" data-element_type=\"container\" data-e-type=\"container\" data-settings=\"{&quot;background_background&quot;:&quot;gradient&quot;}\">\n\t\t<div class=\"elementor-element elementor-element-17e3b8ff e-con-full e-flex e-con e-child\" data-id=\"17e3b8ff\" data-element_type=\"container\" data-e-type=\"container\">\n\t\t\t\t<div class=\"elementor-element elementor-element-6b2b9b08 elementor-vertical-align-top elementor-widget elementor-widget-image-box\" data-id=\"6b2b9b08\" data-element_type=\"widget\" data-e-type=\"widget\" data-widget_type=\"image-box.default\">\n\t\t\t\t\t<div class=\"elementor-image-box-wrapper\"><div class=\"elementor-image-box-content\"><h3 class=\"elementor-image-box-title\">L\u00e9pj vel\u00fcnk kapcsolatba!<\/h3><p class=\"elementor-image-box-description\">Felmer\u00fclt benned valami, amire gyors v\u00e1laszt szeretn\u00e9l? \u00c1llunk rendelkez\u00e9sedre az egri irod\u00e1nkban, de el\u00e9rsz benn\u00fcnket telefonon \u00e9s \u00fczenetben is.<\/p><\/div><\/div>\t\t\t\t<\/div>\n\t\t\t\t<\/div>\n\t\t<div class=\"elementor-element elementor-element-3cc1a6d5 e-con-full e-flex e-con e-child\" data-id=\"3cc1a6d5\" data-element_type=\"container\" data-e-type=\"container\">\n\t\t<div class=\"elementor-element elementor-element-3324dede e-con-full e-flex e-con e-child\" data-id=\"3324dede\" data-element_type=\"container\" data-e-type=\"container\" data-settings=\"{&quot;background_background&quot;:&quot;classic&quot;,&quot;animation_tablet&quot;:&quot;fadeIn&quot;}\">\n\t\t\t\t<div class=\"elementor-element elementor-element-4afe4da9 elementor-widget__width-initial elementor-widget-mobile__width-initial elementor-position-top elementor-widget elementor-widget-image-box\" data-id=\"4afe4da9\" data-element_type=\"widget\" data-e-type=\"widget\" data-widget_type=\"image-box.default\">\n\t\t\t\t\t<div class=\"elementor-image-box-wrapper\"><figure class=\"elementor-image-box-img\"><img fetchpriority=\"high\" decoding=\"async\" width=\"352\" height=\"548\" src=\"https:\/\/genpek.hu\/wp-content\/uploads\/2025\/09\/10-e1757360773164.png\" class=\"elementor-animation-grow attachment-full size-full wp-image-536\" alt=\"\" srcset=\"https:\/\/genpek.hu\/wp-content\/uploads\/2025\/09\/10-e1757360773164.png 352w, https:\/\/genpek.hu\/wp-content\/uploads\/2025\/09\/10-e1757360773164-193x300.png 193w\" sizes=\"(max-width: 352px) 100vw, 352px\" \/><\/figure><div class=\"elementor-image-box-content\"><h3 class=\"elementor-image-box-title\">C\u00edm<\/h3><p class=\"elementor-image-box-description\">3300. Eger, \nSz\u00e1lloda u. 5., B\u00f3ta irodah\u00e1z<\/p><\/div><\/div>\t\t\t\t<\/div>\n\t\t\t\t<div class=\"elementor-element elementor-element-58cbd48b elementor-widget__width-initial elementor-position-top elementor-widget elementor-widget-image-box\" data-id=\"58cbd48b\" data-element_type=\"widget\" data-e-type=\"widget\" data-widget_type=\"image-box.default\">\n\t\t\t\t\t<div class=\"elementor-image-box-wrapper\"><figure class=\"elementor-image-box-img\"><img decoding=\"async\" width=\"777\" height=\"548\" src=\"https:\/\/genpek.hu\/wp-content\/uploads\/2025\/09\/11-e1757360837367.png\" class=\"elementor-animation-grow attachment-full size-full wp-image-537\" alt=\"\" srcset=\"https:\/\/genpek.hu\/wp-content\/uploads\/2025\/09\/11-e1757360837367.png 777w, https:\/\/genpek.hu\/wp-content\/uploads\/2025\/09\/11-e1757360837367-300x212.png 300w, https:\/\/genpek.hu\/wp-content\/uploads\/2025\/09\/11-e1757360837367-768x542.png 768w\" sizes=\"(max-width: 777px) 100vw, 777px\" \/><\/figure><div class=\"elementor-image-box-content\"><h3 class=\"elementor-image-box-title\">Kapcsolat<\/h3><p class=\"elementor-image-box-description\">+36 70 215 6725\ngenpekkft@gmail.com<\/p><\/div><\/div>\t\t\t\t<\/div>\n\t\t\t\t<\/div>\n\t\t\t\t<\/div>\n\t\t\t\t<\/div>\n\t\t<div class=\"elementor-element elementor-element-7f84906a e-con-full e-flex e-con e-child\" data-id=\"7f84906a\" data-element_type=\"container\" data-e-type=\"container\" data-settings=\"{&quot;background_background&quot;:&quot;classic&quot;}\">\n\t\t\t\t<div class=\"elementor-element elementor-element-58dc0fdf elementor-widget elementor-widget-ehp-form\" data-id=\"58dc0fdf\" data-element_type=\"widget\" data-e-type=\"widget\" data-settings=\"{&quot;button_width&quot;:&quot;33&quot;,&quot;layout_preset&quot;:&quot;quick-connect&quot;,&quot;button_shape&quot;:&quot;default&quot;,&quot;box_shape&quot;:&quot;sharp&quot;}\" data-widget_type=\"ehp-form.default\">\n\t\t\t\t<div class=\"elementor-widget-container\">\n\t\t\t\t\t\t\t<form class=\"has-shape-sharp shape-type-box ehp-form has-layout-preset-quick-connect\" name=\"Contact form\" method=\"post\" id=\"\">\n\t\t\t\t\t<div class=\"ehp-form__text-container\">\n\t\t\t<p class=\"ehp-form__description\">\u00d6r\u00f6mmel vessz\u00fck, ha \u00edrsz nek\u00fcnk!<\/p>\t\t<\/div>\n\t\t\t\t\t<input type=\"hidden\" name=\"post_id\" value=\"331\"\/>\n\t\t\t<input type=\"hidden\" name=\"form_id\" value=\"58dc0fdf\"\/>\n\t\t\t<input type=\"hidden\" name=\"referer_title\" value=\"Kapcsolat -\"\/>\n\n\t\t\t\t\t\t\t<input type=\"hidden\" name=\"queried_id\" value=\"331\"\/>\n\t\t\t\n\t\t\t<div class=\"ehp-form__content\">\n\t\t\t\t\t\t\t\t<div class=\"ehp-form__wrapper\">\n\t\t\t\t\t\t\t\t\t\t\t<div class=\"ehp-form__field-group is-field-type-text is-field-group-name has-width-100 has-width-md-100 has-width-sm-100 has-border has-shape-default\">\n\t\t\t\t\t\t\t\t\t\t\t\t\t\t\t<label for=\"form-field-name\" class=\"ehp-form__field-label elementor-screen-only\">\n\t\t\t\t\t\t\t\t\tName\t\t\t\t\t\t\t\t<\/label>\n\t\t\t\t\t\t\t\t\t\t\t\t\t\t\t\t\t<input size=\"1\" type=\"text\" name=\"form_fields[name]\" id=\"form-field-name\" class=\"ehp-form__field elementor-size-sm  elementor-field-textual\" placeholder=\"Teljes n\u00e9v\">\n\t\t\t\t\t\t\t\t\t\t\t\t\t\t\t<\/div>\n\t\t\t\t\t\t\t\t\t\t\t<div class=\"ehp-form__field-group is-field-type-email is-field-group-email has-width-100 has-width-md-100 has-width-sm-100 is-field-required has-border has-shape-default\">\n\t\t\t\t\t\t\t\t\t\t\t\t\t\t\t<label for=\"form-field-email\" class=\"ehp-form__field-label elementor-screen-only\">\n\t\t\t\t\t\t\t\t\tEmail\t\t\t\t\t\t\t\t<\/label>\n\t\t\t\t\t\t\t\t\t\t\t\t\t\t\t\t\t<input size=\"1\" type=\"email\" name=\"form_fields[email]\" id=\"form-field-email\" class=\"ehp-form__field elementor-size-sm  elementor-field-textual\" placeholder=\"Email\" required=\"required\" aria-required=\"true\">\n\t\t\t\t\t\t\t\t\t\t\t\t\t\t\t<\/div>\n\t\t\t\t\t\t\t\t\t\t\t<div class=\"ehp-form__field-group is-field-type-select is-field-group-field_2d22b48 has-width-100 has-width-md-100 has-width-sm-100 has-border has-shape-default\">\n\t\t\t\t\t\t\t\t\t\t\t\t\t\t\t<label for=\"form-field-field_2d22b48\" class=\"ehp-form__field-label elementor-screen-only\">\n\t\t\t\t\t\t\t\t\tT\u00e1rgy\t\t\t\t\t\t\t\t<\/label>\n\t\t\t\t\t\t\t\t\t\t\n\t\t\t\n\t\t\t\t\t\t\t\n\t\t\t<select name=\"form_fields[field_2d22b48]\" id=\"form-field-field_2d22b48\" class=\"ehp-form__field elementor-field elementor-field-textual ehp-form__select elementor-size-sm\">\n\t\t\t\t\t\t\t\t\t<option value=\"T\u00e1rgy\">T\u00e1rgy<\/option>\n\t\t\t\t\t\t\t\t\t<option value=\"V\u00e9lem\u00e9ny, megjegyz\u00e9s\">V\u00e9lem\u00e9ny, megjegyz\u00e9s<\/option>\n\t\t\t\t\t\t\t\t\t<option value=\"Probl\u00e9ma\">Probl\u00e9ma<\/option>\n\t\t\t\t\t\t\t\t\t<option value=\"K\u00e9rd\u00e9s\">K\u00e9rd\u00e9s<\/option>\n\t\t\t\t\t\t\t<\/select>\n\t\t\n\t\t\t\t\t\t\t\t<\/div>\n\t\t\t\t\t\t\t\t\t\t\t<div class=\"ehp-form__field-group is-field-type-textarea is-field-group-message has-width-100 has-width-md-100 has-width-sm-100 has-border has-shape-default\">\n\t\t\t\t\t\t\t\t\t\t\t\t\t\t\t<label for=\"form-field-message\" class=\"ehp-form__field-label elementor-screen-only\">\n\t\t\t\t\t\t\t\t\tMessage\t\t\t\t\t\t\t\t<\/label>\n\t\t\t\t\t\t\t\t<textarea class=\"elementor-field-textual ehp-form__field eph-form__textarea  elementor-size-sm\" name=\"form_fields[message]\" id=\"form-field-message\" rows=\"4\" placeholder=\"\u00dczenet\"><\/textarea>\t\t\t\t\t\t<\/div>\n\t\t\t\t\t\t\t\t\t\t\t\t<div class=\"ehp-form__submit-group has-width-33 has-button-align-flex-start\">\n\t\t\t<button class=\"has-shape-default shape-type-button ehp-form__button has-border is-type-button elementor-animation-shrink\" type=\"submit\">\n\t\t\t\t\t\t\t\t\t\t\t\t\t\n\t\t\t\t\t\t\t\t\t<span class=\"ehp-form__button-text\">K\u00fcld\u00e9s<\/span>\n\t\t\t\t\t\t\t<\/button>\n\t\t<\/div>\n\t\t\t\t\t\t<\/div>\n\t\t\t<\/div>\n\t\t\t<div class=\"ehp-form__overlay\"><\/div>\n\t\t<\/form>\n\t\t\t\t\t\t<\/div>\n\t\t\t\t<\/div>\n\t\t\t\t<\/div>\n\t\t\t\t\t<\/div>\n\t\t\t\t<\/div>\n\t\t<div class=\"elementor-element elementor-element-3b28fe0 e-flex e-con-boxed e-con e-parent\" data-id=\"3b28fe0\" data-element_type=\"container\" data-e-type=\"container\">\n\t\t\t\t\t<div class=\"e-con-inner\">\n\t\t<div class=\"elementor-element elementor-element-1045556 e-con-full e-flex e-con e-child\" data-id=\"1045556\" data-element_type=\"container\" data-e-type=\"container\">\n\t\t\t\t<div class=\"elementor-element elementor-element-b5bd120 elementor-align-center elementor-widget elementor-widget-button\" data-id=\"b5bd120\" data-element_type=\"widget\" data-e-type=\"widget\" data-widget_type=\"button.default\">\n\t\t\t\t\t\t\t\t\t\t<a class=\"elementor-button elementor-button-link elementor-size-sm elementor-animation-shrink\" href=\"https:\/\/genpek.hu\/\">\n\t\t\t\t\t\t<span class=\"elementor-button-content-wrapper\">\n\t\t\t\t\t\t\t\t\t<span class=\"elementor-button-text\">Vissza a f\u0151loldalra<\/span>\n\t\t\t\t\t<\/span>\n\t\t\t\t\t<\/a>\n\t\t\t\t\t\t\t\t<\/div>\n\t\t\t\t<\/div>\n\t\t\t\t\t<\/div>\n\t\t\t\t<\/div>\n\t\t\t\t<\/div>\n\t\t","protected":false},"excerpt":{"rendered":"<p>L\u00e9pj vel\u00fcnk kapcsolatba! Felmer\u00fclt benned valami, amire gyors v\u00e1laszt szeretn\u00e9l? \u00c1llunk rendelkez\u00e9sedre az egri irod\u00e1nkban, de el\u00e9rsz benn\u00fcnket telefonon \u00e9s \u00fczenetben is. C\u00edm 3300. Eger, Sz\u00e1lloda u. 5., B\u00f3ta irodah\u00e1z Kapcsolat +36 70 215 6725 genpekkft@gmail.com Vissza a f\u0151loldalra<\/p>","protected":false},"author":1,"featured_media":0,"parent":0,"menu_order":0,"comment_status":"closed","ping_status":"closed","template":"elementor_header_footer","meta":{"footnotes":""},"class_list":["post-331","page","type-page","status-publish","hentry"],"yoast_head":"<!-- This site is optimized with the Yoast SEO Premium plugin v27.1 (Yoast SEO v27.1.1) - https:\/\/yoast.com\/product\/yoast-seo-premium-wordpress\/ -->\n<title>Kapcsolat -<\/title>\n<meta name=\"robots\" content=\"index, follow, max-snippet:-1, max-image-preview:large, max-video-preview:-1\" \/>\n<link rel=\"canonical\" href=\"https:\/\/genpek.hu\/en\/contact\/\" \/>\n<meta property=\"og:locale\" content=\"en_GB\" \/>\n<meta property=\"og:type\" content=\"article\" \/>\n<meta property=\"og:title\" content=\"Kapcsolat\" \/>\n<meta property=\"og:description\" content=\"L\u00e9pj vel\u00fcnk kapcsolatba! Felmer\u00fclt benned valami, amire gyors v\u00e1laszt szeretn\u00e9l? \u00c1llunk rendelkez\u00e9sedre az egri irod\u00e1nkban, de el\u00e9rsz benn\u00fcnket telefonon \u00e9s \u00fczenetben is. C\u00edm 3300. Eger, Sz\u00e1lloda u. 5., B\u00f3ta irodah\u00e1z Kapcsolat +36 70 215 6725 genpekkft@gmail.com Vissza a f\u0151loldalra\" \/>\n<meta property=\"og:url\" content=\"https:\/\/genpek.hu\/en\/contact\/\" \/>\n<meta property=\"article:publisher\" content=\"https:\/\/www.facebook.com\/pekkerika\" \/>\n<meta property=\"article:modified_time\" content=\"2025-10-27T17:42:58+00:00\" \/>\n<meta property=\"og:image\" content=\"https:\/\/genpek.hu\/wp-content\/uploads\/2025\/09\/10-e1757360773164.png\" \/>\n\t<meta property=\"og:image:width\" content=\"352\" \/>\n\t<meta property=\"og:image:height\" content=\"548\" \/>\n\t<meta property=\"og:image:type\" content=\"image\/png\" \/>\n<meta name=\"twitter:card\" content=\"summary_large_image\" \/>\n<script type=\"application\/ld+json\" class=\"yoast-schema-graph\">{\"@context\":\"https:\/\/schema.org\",\"@graph\":[{\"@type\":\"WebPage\",\"@id\":\"https:\/\/genpek.hu\/contact\/\",\"url\":\"https:\/\/genpek.hu\/contact\/\",\"name\":\"Kapcsolat -\",\"isPartOf\":{\"@id\":\"https:\/\/genpek.hu\/#website\"},\"primaryImageOfPage\":{\"@id\":\"https:\/\/genpek.hu\/contact\/#primaryimage\"},\"image\":{\"@id\":\"https:\/\/genpek.hu\/contact\/#primaryimage\"},\"thumbnailUrl\":\"https:\/\/genpek.hu\/wp-content\/uploads\/2025\/09\/10-e1757360773164.png\",\"datePublished\":\"2025-09-05T14:42:53+00:00\",\"dateModified\":\"2025-10-27T17:42:58+00:00\",\"breadcrumb\":{\"@id\":\"https:\/\/genpek.hu\/contact\/#breadcrumb\"},\"inLanguage\":\"en-GB\",\"potentialAction\":[{\"@type\":\"ReadAction\",\"target\":[\"https:\/\/genpek.hu\/contact\/\"]}]},{\"@type\":\"ImageObject\",\"inLanguage\":\"en-GB\",\"@id\":\"https:\/\/genpek.hu\/contact\/#primaryimage\",\"url\":\"https:\/\/genpek.hu\/wp-content\/uploads\/2025\/09\/10-e1757360773164.png\",\"contentUrl\":\"https:\/\/genpek.hu\/wp-content\/uploads\/2025\/09\/10-e1757360773164.png\"},{\"@type\":\"BreadcrumbList\",\"@id\":\"https:\/\/genpek.hu\/contact\/#breadcrumb\",\"itemListElement\":[{\"@type\":\"ListItem\",\"position\":1,\"name\":\"Kezd\u0151lap\",\"item\":\"https:\/\/genpek.hu\/\"},{\"@type\":\"ListItem\",\"position\":2,\"name\":\"Kapcsolat\"}]},{\"@type\":\"WebSite\",\"@id\":\"https:\/\/genpek.hu\/#website\",\"url\":\"https:\/\/genpek.hu\/\",\"name\":\"genpek.hu\",\"description\":\"\",\"publisher\":{\"@id\":\"https:\/\/genpek.hu\/#organization\"},\"potentialAction\":[{\"@type\":\"SearchAction\",\"target\":{\"@type\":\"EntryPoint\",\"urlTemplate\":\"https:\/\/genpek.hu\/?s={search_term_string}\"},\"query-input\":{\"@type\":\"PropertyValueSpecification\",\"valueRequired\":true,\"valueName\":\"search_term_string\"}}],\"inLanguage\":\"en-GB\"},{\"@type\":\"Organization\",\"@id\":\"https:\/\/genpek.hu\/#organization\",\"name\":\"GenPek Kft.\",\"url\":\"https:\/\/genpek.hu\/\",\"logo\":{\"@type\":\"ImageObject\",\"inLanguage\":\"en-GB\",\"@id\":\"https:\/\/genpek.hu\/#\/schema\/logo\/image\/\",\"url\":\"https:\/\/genpek.hu\/wp-content\/uploads\/2025\/09\/Screenshot-2025-07-31-at-12.16.29-e1757941225938.png\",\"contentUrl\":\"https:\/\/genpek.hu\/wp-content\/uploads\/2025\/09\/Screenshot-2025-07-31-at-12.16.29-e1757941225938.png\",\"width\":1434,\"height\":1434,\"caption\":\"GenPek Kft.\"},\"image\":{\"@id\":\"https:\/\/genpek.hu\/#\/schema\/logo\/image\/\"},\"sameAs\":[\"https:\/\/www.facebook.com\/pekkerika\"]}]}<\/script>\n<!-- \/ Yoast SEO Premium plugin. -->","yoast_head_json":{"title":"Kapcsolat -","robots":{"index":"index","follow":"follow","max-snippet":"max-snippet:-1","max-image-preview":"max-image-preview:large","max-video-preview":"max-video-preview:-1"},"canonical":"https:\/\/genpek.hu\/en\/contact\/","og_locale":"en_GB","og_type":"article","og_title":"Kapcsolat","og_description":"L\u00e9pj vel\u00fcnk kapcsolatba! Felmer\u00fclt benned valami, amire gyors v\u00e1laszt szeretn\u00e9l? \u00c1llunk rendelkez\u00e9sedre az egri irod\u00e1nkban, de el\u00e9rsz benn\u00fcnket telefonon \u00e9s \u00fczenetben is. C\u00edm 3300. Eger, Sz\u00e1lloda u. 5., B\u00f3ta irodah\u00e1z Kapcsolat +36 70 215 6725 genpekkft@gmail.com Vissza a f\u0151loldalra","og_url":"https:\/\/genpek.hu\/en\/contact\/","article_publisher":"https:\/\/www.facebook.com\/pekkerika","article_modified_time":"2025-10-27T17:42:58+00:00","og_image":[{"width":352,"height":548,"url":"https:\/\/genpek.hu\/wp-content\/uploads\/2025\/09\/10-e1757360773164.png","type":"image\/png"}],"twitter_card":"summary_large_image","schema":{"@context":"https:\/\/schema.org","@graph":[{"@type":"WebPage","@id":"https:\/\/genpek.hu\/contact\/","url":"https:\/\/genpek.hu\/contact\/","name":"Kapcsolat -","isPartOf":{"@id":"https:\/\/genpek.hu\/#website"},"primaryImageOfPage":{"@id":"https:\/\/genpek.hu\/contact\/#primaryimage"},"image":{"@id":"https:\/\/genpek.hu\/contact\/#primaryimage"},"thumbnailUrl":"https:\/\/genpek.hu\/wp-content\/uploads\/2025\/09\/10-e1757360773164.png","datePublished":"2025-09-05T14:42:53+00:00","dateModified":"2025-10-27T17:42:58+00:00","breadcrumb":{"@id":"https:\/\/genpek.hu\/contact\/#breadcrumb"},"inLanguage":"en-GB","potentialAction":[{"@type":"ReadAction","target":["https:\/\/genpek.hu\/contact\/"]}]},{"@type":"ImageObject","inLanguage":"en-GB","@id":"https:\/\/genpek.hu\/contact\/#primaryimage","url":"https:\/\/genpek.hu\/wp-content\/uploads\/2025\/09\/10-e1757360773164.png","contentUrl":"https:\/\/genpek.hu\/wp-content\/uploads\/2025\/09\/10-e1757360773164.png"},{"@type":"BreadcrumbList","@id":"https:\/\/genpek.hu\/contact\/#breadcrumb","itemListElement":[{"@type":"ListItem","position":1,"name":"Kezd\u0151lap","item":"https:\/\/genpek.hu\/"},{"@type":"ListItem","position":2,"name":"Kapcsolat"}]},{"@type":"WebSite","@id":"https:\/\/genpek.hu\/#website","url":"https:\/\/genpek.hu\/","name":"genpek.hu","description":"","publisher":{"@id":"https:\/\/genpek.hu\/#organization"},"potentialAction":[{"@type":"SearchAction","target":{"@type":"EntryPoint","urlTemplate":"https:\/\/genpek.hu\/?s={search_term_string}"},"query-input":{"@type":"PropertyValueSpecification","valueRequired":true,"valueName":"search_term_string"}}],"inLanguage":"en-GB"},{"@type":"Organization","@id":"https:\/\/genpek.hu\/#organization","name":"GenPek Kft.","url":"https:\/\/genpek.hu\/","logo":{"@type":"ImageObject","inLanguage":"en-GB","@id":"https:\/\/genpek.hu\/#\/schema\/logo\/image\/","url":"https:\/\/genpek.hu\/wp-content\/uploads\/2025\/09\/Screenshot-2025-07-31-at-12.16.29-e1757941225938.png","contentUrl":"https:\/\/genpek.hu\/wp-content\/uploads\/2025\/09\/Screenshot-2025-07-31-at-12.16.29-e1757941225938.png","width":1434,"height":1434,"caption":"GenPek Kft."},"image":{"@id":"https:\/\/genpek.hu\/#\/schema\/logo\/image\/"},"sameAs":["https:\/\/www.facebook.com\/pekkerika"]}]}},"_links":{"self":[{"href":"https:\/\/genpek.hu\/en\/wp-json\/wp\/v2\/pages\/331","targetHints":{"allow":["GET"]}}],"collection":[{"href":"https:\/\/genpek.hu\/en\/wp-json\/wp\/v2\/pages"}],"about":[{"href":"https:\/\/genpek.hu\/en\/wp-json\/wp\/v2\/types\/page"}],"author":[{"embeddable":true,"href":"https:\/\/genpek.hu\/en\/wp-json\/wp\/v2\/users\/1"}],"replies":[{"embeddable":true,"href":"https:\/\/genpek.hu\/en\/wp-json\/wp\/v2\/comments?post=331"}],"version-history":[{"count":47,"href":"https:\/\/genpek.hu\/en\/wp-json\/wp\/v2\/pages\/331\/revisions"}],"predecessor-version":[{"id":2060,"href":"https:\/\/genpek.hu\/en\/wp-json\/wp\/v2\/pages\/331\/revisions\/2060"}],"wp:attachment":[{"href":"https:\/\/genpek.hu\/en\/wp-json\/wp\/v2\/media?parent=331"}],"curies":[{"name":"wp","href":"https:\/\/api.w.org\/{rel}","templated":true}]}}