{"id":1632,"date":"2025-10-03T11:50:28","date_gmt":"2025-10-03T11:50:28","guid":{"rendered":"https:\/\/genpek.hu\/?page_id=1632"},"modified":"2025-10-27T20:43:34","modified_gmt":"2025-10-27T20:43:34","slug":"ajanlat","status":"publish","type":"page","link":"https:\/\/genpek.hu\/en\/ajanlat\/","title":{"rendered":"Ajanlat"},"content":{"rendered":"<div data-elementor-type=\"wp-page\" data-elementor-id=\"1632\" class=\"elementor elementor-1632\" data-elementor-post-type=\"page\">\n\t\t\t\t<div class=\"elementor-element elementor-element-cb287b0 e-flex e-con-boxed e-con e-parent\" data-id=\"cb287b0\" data-element_type=\"container\" data-e-type=\"container\">\n\t\t\t\t\t<div class=\"e-con-inner\">\n\t\t\t\t<div class=\"elementor-element elementor-element-fc67426 elementor-widget elementor-widget-heading\" data-id=\"fc67426\" data-element_type=\"widget\" data-e-type=\"widget\" data-widget_type=\"heading.default\">\n\t\t\t\t\t<h2 class=\"elementor-heading-title elementor-size-default\">Choose from our products, and we will provide the quote<\/h2>\t\t\t\t<\/div>\n\t\t\t\t\t<\/div>\n\t\t\t\t<\/div>\n\t\t<div class=\"elementor-element elementor-element-a7a26a3 e-flex e-con-boxed e-con e-parent\" data-id=\"a7a26a3\" data-element_type=\"container\" data-e-type=\"container\">\n\t\t\t\t\t<div class=\"e-con-inner\">\n\t\t<div class=\"elementor-element elementor-element-bd53939 e-con-full e-flex e-con e-child\" data-id=\"bd53939\" data-element_type=\"container\" data-e-type=\"container\">\n\t\t<div class=\"elementor-element elementor-element-2b822cd animated-fast e-con-full e-flex e-con e-child\" data-id=\"2b822cd\" data-element_type=\"container\" data-e-type=\"container\" data-settings=\"{&quot;animation&quot;:&quot;none&quot;,&quot;background_background&quot;:&quot;gradient&quot;}\">\n\t\t\t\t<div class=\"elementor-element elementor-element-a0f7b7b elementor-widget elementor-widget-image\" data-id=\"a0f7b7b\" data-element_type=\"widget\" data-e-type=\"widget\" data-widget_type=\"image.default\">\n\t\t\t\t\t\t\t\t\t\t\t\t\t\t\t\t<a href=\"https:\/\/forms.gle\/w2n6qPkhyyUheVdj8\">\n\t\t\t\t\t\t\t<img fetchpriority=\"high\" decoding=\"async\" width=\"670\" height=\"548\" src=\"https:\/\/genpek.hu\/wp-content\/uploads\/2025\/09\/generali-2-e1757097226179.png\" class=\"elementor-animation-float attachment-full size-full wp-image-458\" alt=\"genpek eg\u00e9szs\u00e9gbiztos\u00edt\u00e1s\" srcset=\"https:\/\/genpek.hu\/wp-content\/uploads\/2025\/09\/generali-2-e1757097226179.png 670w, https:\/\/genpek.hu\/wp-content\/uploads\/2025\/09\/generali-2-e1757097226179-300x245.png 300w\" sizes=\"(max-width: 670px) 100vw, 670px\" \/>\t\t\t\t\t\t\t\t<\/a>\n\t\t\t\t\t\t\t\t\t\t\t\t\t\t\t<\/div>\n\t\t\t\t<div class=\"elementor-element elementor-element-21f743c elementor-widget elementor-widget-cta\" data-id=\"21f743c\" data-element_type=\"widget\" data-e-type=\"widget\" data-settings=\"{&quot;layout_preset&quot;:&quot;streamline&quot;,&quot;content_alignment&quot;:&quot;start&quot;,&quot;content_alignment_mobile&quot;:&quot;start&quot;,&quot;content_alignment_tablet&quot;:&quot;center&quot;,&quot;primary_button_shape&quot;:&quot;default&quot;,&quot;cta_width&quot;:&quot;default&quot;,&quot;cta_position&quot;:&quot;default&quot;,&quot;box_shape&quot;:&quot;sharp&quot;}\" data-widget_type=\"cta.default\">\n\t\t\t\t<div class=\"elementor-widget-container\">\n\t\t\t\t\t\t\t<div class=\"has-shape-sharp shape-type-box ehp-cta has-preset-streamline\">\n\t\t\t<div class=\"ehp-cta__overlay\"><\/div>\n\t\t\t<div class=\"ehp-cta__elements-container\">\n\t\t\t\t\t\t<div class=\"ehp-cta__text-container\">\n\t\t\t<h2 class=\"ehp-cta__heading\">PrivateCare<\/h2><p class=\"ehp-cta__description\">Health insurance for you or your entire family, where the insurer takes care of everything: organizing your care, covering the costs, and guiding you through the entire process<\/p>\t\t<\/div>\n\t\t\t\t\t<div class=\"ehp-cta__ctas-container has-cta-width-default\">\n\t\t\t\t<div class=\"ehp-cta__buttons-wrapper\">\n\t\t\t\t\t\t\t<a class=\"has-shape-default shape-type-button ehp-button ehp-button--primary ehp-cta__button ehp-cta__button--primary is-type-button elementor-animation-float\" href=\"https:\/\/forms.gle\/w2n6qPkhyyUheVdj8\" target=\"_blank\">\n\t\t\t<svg aria-hidden=\"true\" class=\"ehp-button__icon e-font-icon-svg e-fas-angle-right\" 0=\"ehp-cta__button-icon\" viewbox=\"0 0 256 512\" xmlns=\"http:\/\/www.w3.org\/2000\/svg\"><path d=\"M224.3 273l-136 136c-9.4 9.4-24.6 9.4-33.9 0l-22.6-22.6c-9.4-9.4-9.4-24.6 0-33.9l96.4-96.4-96.4-96.4c-9.4-9.4-9.4-24.6 0-33.9L54.3 103c9.4-9.4 24.6-9.4 33.9 0l136 136c9.5 9.4 9.5 24.6.1 34z\"><\/path><\/svg>\t\t<span class=\"ehp-button__text ehp-cta__button-text ehp-cta__button-text--primary\">\n\t\t\tI'd like to request a quote for this\t\t\t\t<\/a>\n\t\t\t\t\t\t\t\t\t\t\t<\/div>\n\t\t\t<\/div>\n\t\t\t\t\t<\/div>\n\t\t<\/div>\n\t\t\t\t\t\t<\/div>\n\t\t\t\t<\/div>\n\t\t\t\t<\/div>\n\t\t<div class=\"elementor-element elementor-element-9c27d4f e-con-full e-flex e-con e-child\" data-id=\"9c27d4f\" data-element_type=\"container\" data-e-type=\"container\" data-settings=\"{&quot;animation&quot;:&quot;none&quot;,&quot;animation_delay&quot;:&quot;200&quot;}\">\n\t\t\t\t<div class=\"elementor-element elementor-element-9b18982 elementor-widget elementor-widget-image\" data-id=\"9b18982\" data-element_type=\"widget\" data-e-type=\"widget\" data-widget_type=\"image.default\">\n\t\t\t\t\t\t\t\t\t\t\t\t\t\t\t\t<a href=\"https:\/\/forms.gle\/PTyb89sou4C4CzoF8\">\n\t\t\t\t\t\t\t<img decoding=\"async\" width=\"407\" height=\"434\" src=\"https:\/\/genpek.hu\/wp-content\/uploads\/2025\/09\/6-e1757103392560.png\" class=\"elementor-animation-float attachment-full size-full wp-image-450\" alt=\"priv\u00e1t biztos\u00edt\u00e1s\" srcset=\"https:\/\/genpek.hu\/wp-content\/uploads\/2025\/09\/6-e1757103392560.png 407w, https:\/\/genpek.hu\/wp-content\/uploads\/2025\/09\/6-e1757103392560-281x300.png 281w\" sizes=\"(max-width: 407px) 100vw, 407px\" \/>\t\t\t\t\t\t\t\t<\/a>\n\t\t\t\t\t\t\t\t\t\t\t\t\t\t\t<\/div>\n\t\t\t\t<div class=\"elementor-element elementor-element-7ff3345 elementor-widget elementor-widget-cta\" data-id=\"7ff3345\" data-element_type=\"widget\" data-e-type=\"widget\" data-settings=\"{&quot;layout_preset&quot;:&quot;streamline&quot;,&quot;content_alignment&quot;:&quot;start&quot;,&quot;content_alignment_mobile&quot;:&quot;start&quot;,&quot;content_alignment_tablet&quot;:&quot;center&quot;,&quot;primary_button_shape&quot;:&quot;default&quot;,&quot;cta_width&quot;:&quot;default&quot;,&quot;cta_position&quot;:&quot;default&quot;,&quot;box_shape&quot;:&quot;sharp&quot;}\" data-widget_type=\"cta.default\">\n\t\t\t\t<div class=\"elementor-widget-container\">\n\t\t\t\t\t\t\t<div class=\"has-shape-sharp shape-type-box ehp-cta has-preset-streamline\">\n\t\t\t<div class=\"ehp-cta__overlay\"><\/div>\n\t\t\t<div class=\"ehp-cta__elements-container\">\n\t\t\t\t\t\t<div class=\"ehp-cta__text-container\">\n\t\t\t<h2 class=\"ehp-cta__heading\">MediHelp<\/h2><p class=\"ehp-cta__description\">Premium health insurance that puts you in control: select your preferred doctors, choose the facilities for tests, treatments, or even childbirth \u2013 with coverage both in your home country and abroad<\/p>\t\t<\/div>\n\t\t\t\t\t<div class=\"ehp-cta__ctas-container has-cta-width-default\">\n\t\t\t\t<div class=\"ehp-cta__buttons-wrapper\">\n\t\t\t\t\t\t\t<a class=\"has-shape-default shape-type-button ehp-button ehp-button--primary ehp-cta__button ehp-cta__button--primary is-type-button elementor-animation-float\" href=\"https:\/\/forms.gle\/PTyb89sou4C4CzoF8\" target=\"_blank\">\n\t\t\t<svg aria-hidden=\"true\" class=\"ehp-button__icon e-font-icon-svg e-fas-angle-right\" 0=\"ehp-cta__button-icon\" viewbox=\"0 0 256 512\" xmlns=\"http:\/\/www.w3.org\/2000\/svg\"><path d=\"M224.3 273l-136 136c-9.4 9.4-24.6 9.4-33.9 0l-22.6-22.6c-9.4-9.4-9.4-24.6 0-33.9l96.4-96.4-96.4-96.4c-9.4-9.4-9.4-24.6 0-33.9L54.3 103c9.4-9.4 24.6-9.4 33.9 0l136 136c9.5 9.4 9.5 24.6.1 34z\"><\/path><\/svg>\t\t<span class=\"ehp-button__text ehp-cta__button-text ehp-cta__button-text--primary\">\n\t\t\tI'd like to request a quote for this\t\t\t\t<\/a>\n\t\t\t\t\t\t\t\t\t\t\t<\/div>\n\t\t\t<\/div>\n\t\t\t\t\t<\/div>\n\t\t<\/div>\n\t\t\t\t\t\t<\/div>\n\t\t\t\t<\/div>\n\t\t\t\t<\/div>\n\t\t<div class=\"elementor-element elementor-element-fb32d73 e-con-full e-flex e-con e-child\" data-id=\"fb32d73\" data-element_type=\"container\" data-e-type=\"container\" data-settings=\"{&quot;animation&quot;:&quot;none&quot;,&quot;animation_delay&quot;:&quot;400&quot;}\">\n\t\t\t\t<div class=\"elementor-element elementor-element-adc1006 elementor-widget elementor-widget-image\" data-id=\"adc1006\" data-element_type=\"widget\" data-e-type=\"widget\" data-widget_type=\"image.default\">\n\t\t\t\t\t\t\t\t\t\t\t\t\t\t\t\t<a href=\"https:\/\/forms.gle\/Fw6PZDR4XXj3PUB49\">\n\t\t\t\t\t\t\t<img decoding=\"async\" width=\"520\" height=\"496\" src=\"https:\/\/genpek.hu\/wp-content\/uploads\/2025\/09\/6-1-e1757103459235.png\" class=\"elementor-animation-float attachment-full size-full wp-image-465\" alt=\"c\u00e9ges eg\u00e9szs\u00e9g\" srcset=\"https:\/\/genpek.hu\/wp-content\/uploads\/2025\/09\/6-1-e1757103459235.png 520w, https:\/\/genpek.hu\/wp-content\/uploads\/2025\/09\/6-1-e1757103459235-300x286.png 300w\" sizes=\"(max-width: 520px) 100vw, 520px\" \/>\t\t\t\t\t\t\t\t<\/a>\n\t\t\t\t\t\t\t\t\t\t\t\t\t\t\t<\/div>\n\t\t\t\t<div class=\"elementor-element elementor-element-13dc275 elementor-widget elementor-widget-cta\" data-id=\"13dc275\" data-element_type=\"widget\" data-e-type=\"widget\" data-settings=\"{&quot;layout_preset&quot;:&quot;streamline&quot;,&quot;content_alignment&quot;:&quot;start&quot;,&quot;content_alignment_mobile&quot;:&quot;start&quot;,&quot;content_alignment_tablet&quot;:&quot;center&quot;,&quot;primary_button_shape&quot;:&quot;default&quot;,&quot;cta_width&quot;:&quot;default&quot;,&quot;cta_position&quot;:&quot;default&quot;,&quot;box_shape&quot;:&quot;sharp&quot;}\" data-widget_type=\"cta.default\">\n\t\t\t\t<div class=\"elementor-widget-container\">\n\t\t\t\t\t\t\t<div class=\"has-shape-sharp shape-type-box ehp-cta has-preset-streamline\">\n\t\t\t<div class=\"ehp-cta__overlay\"><\/div>\n\t\t\t<div class=\"ehp-cta__elements-container\">\n\t\t\t\t\t\t<div class=\"ehp-cta__text-container\">\n\t\t\t<h2 class=\"ehp-cta__heading\">CompanyCare<\/h2><p class=\"ehp-cta__description\">Corporate health insurance that gives you the opportunity, as an employer, to provide meaningful support to your team, all while benefiting from tax-deductible costs<\/p>\t\t<\/div>\n\t\t\t\t\t<div class=\"ehp-cta__ctas-container has-cta-width-default\">\n\t\t\t\t<div class=\"ehp-cta__buttons-wrapper\">\n\t\t\t\t\t\t\t<a class=\"has-shape-default shape-type-button ehp-button ehp-button--primary ehp-cta__button ehp-cta__button--primary is-type-button elementor-animation-float\" href=\"https:\/\/forms.gle\/Fw6PZDR4XXj3PUB49\" target=\"_blank\">\n\t\t\t<svg aria-hidden=\"true\" class=\"ehp-button__icon e-font-icon-svg e-fas-angle-right\" 0=\"ehp-cta__button-icon\" viewbox=\"0 0 256 512\" xmlns=\"http:\/\/www.w3.org\/2000\/svg\"><path d=\"M224.3 273l-136 136c-9.4 9.4-24.6 9.4-33.9 0l-22.6-22.6c-9.4-9.4-9.4-24.6 0-33.9l96.4-96.4-96.4-96.4c-9.4-9.4-9.4-24.6 0-33.9L54.3 103c9.4-9.4 24.6-9.4 33.9 0l136 136c9.5 9.4 9.5 24.6.1 34z\"><\/path><\/svg>\t\t<span class=\"ehp-button__text ehp-cta__button-text ehp-cta__button-text--primary\">\n\t\t\tI'd like to request a quote for this\t\t\t\t<\/a>\n\t\t\t\t\t\t\t\t\t\t\t<\/div>\n\t\t\t<\/div>\n\t\t\t\t\t<\/div>\n\t\t<\/div>\n\t\t\t\t\t\t<\/div>\n\t\t\t\t<\/div>\n\t\t\t\t<\/div>\n\t\t<div class=\"elementor-element elementor-element-9d180c3 e-con-full e-flex e-con e-child\" data-id=\"9d180c3\" data-element_type=\"container\" data-e-type=\"container\" data-settings=\"{&quot;animation&quot;:&quot;none&quot;,&quot;animation_delay&quot;:&quot;600&quot;}\">\n\t\t\t\t<div class=\"elementor-element elementor-element-cfff833 elementor-widget elementor-widget-image\" data-id=\"cfff833\" data-element_type=\"widget\" data-e-type=\"widget\" data-widget_type=\"image.default\">\n\t\t\t\t\t\t\t\t\t\t\t\t\t\t\t\t<a href=\"https:\/\/forms.gle\/uVJj5akRosgsUdbz8\">\n\t\t\t\t\t\t\t<img loading=\"lazy\" decoding=\"async\" width=\"520\" height=\"500\" src=\"https:\/\/genpek.hu\/wp-content\/uploads\/2025\/09\/6-2-e1757104871444.png\" class=\"elementor-animation-float attachment-full size-full wp-image-466\" alt=\"\u00e9let baleset biztos\u00edt\u00e1s\" srcset=\"https:\/\/genpek.hu\/wp-content\/uploads\/2025\/09\/6-2-e1757104871444.png 520w, https:\/\/genpek.hu\/wp-content\/uploads\/2025\/09\/6-2-e1757104871444-300x288.png 300w\" sizes=\"(max-width: 520px) 100vw, 520px\" \/>\t\t\t\t\t\t\t\t<\/a>\n\t\t\t\t\t\t\t\t\t\t\t\t\t\t\t<\/div>\n\t\t\t\t<div class=\"elementor-element elementor-element-3a9e348 elementor-widget elementor-widget-cta\" data-id=\"3a9e348\" data-element_type=\"widget\" data-e-type=\"widget\" data-settings=\"{&quot;layout_preset&quot;:&quot;streamline&quot;,&quot;content_alignment&quot;:&quot;start&quot;,&quot;content_alignment_mobile&quot;:&quot;start&quot;,&quot;content_alignment_tablet&quot;:&quot;center&quot;,&quot;primary_button_shape&quot;:&quot;default&quot;,&quot;cta_width&quot;:&quot;default&quot;,&quot;cta_position&quot;:&quot;default&quot;,&quot;box_shape&quot;:&quot;sharp&quot;}\" data-widget_type=\"cta.default\">\n\t\t\t\t<div class=\"elementor-widget-container\">\n\t\t\t\t\t\t\t<div class=\"has-shape-sharp shape-type-box ehp-cta has-preset-streamline\">\n\t\t\t<div class=\"ehp-cta__overlay\"><\/div>\n\t\t\t<div class=\"ehp-cta__elements-container\">\n\t\t\t\t\t\t<div class=\"ehp-cta__text-container\">\n\t\t\t<h2 class=\"ehp-cta__heading\">Test\u0151r<\/h2><p class=\"ehp-cta__description\">This life and accident insurance provides financial support regardless of the situation, helping you when the unexpected happens \u2014 whether it\u2019s an accident, a serious illness or even the loss of a loved one<\/p>\t\t<\/div>\n\t\t\t\t\t<div class=\"ehp-cta__ctas-container has-cta-width-default\">\n\t\t\t\t<div class=\"ehp-cta__buttons-wrapper\">\n\t\t\t\t\t\t\t<a class=\"has-shape-default shape-type-button ehp-button ehp-button--primary ehp-cta__button ehp-cta__button--primary is-type-button elementor-animation-float\" href=\"https:\/\/forms.gle\/uVJj5akRosgsUdbz8\" target=\"_blank\">\n\t\t\t<svg aria-hidden=\"true\" class=\"ehp-button__icon e-font-icon-svg e-fas-angle-right\" 0=\"ehp-cta__button-icon\" viewbox=\"0 0 256 512\" xmlns=\"http:\/\/www.w3.org\/2000\/svg\"><path d=\"M224.3 273l-136 136c-9.4 9.4-24.6 9.4-33.9 0l-22.6-22.6c-9.4-9.4-9.4-24.6 0-33.9l96.4-96.4-96.4-96.4c-9.4-9.4-9.4-24.6 0-33.9L54.3 103c9.4-9.4 24.6-9.4 33.9 0l136 136c9.5 9.4 9.5 24.6.1 34z\"><\/path><\/svg>\t\t<span class=\"ehp-button__text ehp-cta__button-text ehp-cta__button-text--primary\">\n\t\t\tI'd like to request a quote for this\t\t\t\t<\/a>\n\t\t\t\t\t\t\t\t\t\t\t<\/div>\n\t\t\t<\/div>\n\t\t\t\t\t<\/div>\n\t\t<\/div>\n\t\t\t\t\t\t<\/div>\n\t\t\t\t<\/div>\n\t\t\t\t<\/div>\n\t\t\t\t<\/div>\n\t\t\t\t\t<\/div>\n\t\t\t\t<\/div>\n\t\t<div class=\"elementor-element elementor-element-b468eba e-flex e-con-boxed e-con e-parent\" data-id=\"b468eba\" data-element_type=\"container\" data-e-type=\"container\">\n\t\t\t\t\t<div class=\"e-con-inner\">\n\t\t<div class=\"elementor-element elementor-element-8b1a4f0 e-con-full e-flex e-con e-child\" data-id=\"8b1a4f0\" data-element_type=\"container\" data-e-type=\"container\">\n\t\t\t\t<div class=\"elementor-element elementor-element-3a7bd9d elementor-align-center elementor-widget elementor-widget-button\" data-id=\"3a7bd9d\" data-element_type=\"widget\" data-e-type=\"widget\" data-widget_type=\"button.default\">\n\t\t\t\t\t\t\t\t\t\t<a class=\"elementor-button elementor-button-link elementor-size-sm elementor-animation-shrink\" href=\"https:\/\/genpek.hu\/en\/\">\n\t\t\t\t\t\t<span class=\"elementor-button-content-wrapper\">\n\t\t\t\t\t\t\t\t\t<span class=\"elementor-button-text\">Back to the homepage<\/span>\n\t\t\t\t\t<\/span>\n\t\t\t\t\t<\/a>\n\t\t\t\t\t\t\t\t<\/div>\n\t\t\t\t<\/div>\n\t\t\t\t\t<\/div>\n\t\t\t\t<\/div>\n\t\t\t\t<\/div>","protected":false},"excerpt":{"rendered":"<p>V\u00e1lasszon a term\u00e9kek k\u00f6z\u00fcl, mi hozzuk az aj\u00e1nlatot PrivateCare Eg\u00e9szs\u00e9gbiztos\u00edt\u00e1s Neked vagy az eg\u00e9sz csal\u00e1dnak, ahol a biztos\u00edt\u00f3 mindent k\u00e9zben tart: megszervezi az ell\u00e1t\u00e1st, \u00e1llja a k\u00f6lts\u00e9geket \u00e9s v\u00e9gigk\u00eds\u00e9r a folyamaton Aj\u00e1nlatot k\u00e9rek erre MediHelp Pr\u00e9mium eg\u00e9szs\u00e9gbiztos\u00edt\u00e1s, ahol Te d\u00f6nt\u00f6d el, melyik orvoshoz fordulsz, melyik int\u00e9zm\u00e9nyben szeretn\u00e9l vizsg\u00e1latot, kezel\u00e9st kapni vagy ak\u00e1r sz\u00fclni \u2013 itthon [&hellip;]<\/p>\n","protected":false},"author":1,"featured_media":0,"parent":0,"menu_order":0,"comment_status":"closed","ping_status":"closed","template":"","meta":{"footnotes":""},"class_list":["post-1632","page","type-page","status-publish","hentry"],"yoast_head":"<!-- This site is optimized with the Yoast SEO Premium plugin v27.1 (Yoast SEO v27.1.1) - https:\/\/yoast.com\/product\/yoast-seo-premium-wordpress\/ -->\n<title>Ajanlat -<\/title>\n<meta name=\"robots\" content=\"index, follow, max-snippet:-1, max-image-preview:large, max-video-preview:-1\" \/>\n<link rel=\"canonical\" href=\"https:\/\/genpek.hu\/en\/ajanlat\/\" \/>\n<meta property=\"og:locale\" content=\"en_GB\" \/>\n<meta property=\"og:type\" content=\"article\" \/>\n<meta property=\"og:title\" content=\"Ajanlat\" \/>\n<meta property=\"og:description\" content=\"V\u00e1lasszon a term\u00e9kek k\u00f6z\u00fcl, mi hozzuk az aj\u00e1nlatot PrivateCare Eg\u00e9szs\u00e9gbiztos\u00edt\u00e1s Neked vagy az eg\u00e9sz csal\u00e1dnak, ahol a biztos\u00edt\u00f3 mindent k\u00e9zben tart: megszervezi az ell\u00e1t\u00e1st, \u00e1llja a k\u00f6lts\u00e9geket \u00e9s v\u00e9gigk\u00eds\u00e9r a folyamaton Aj\u00e1nlatot k\u00e9rek erre MediHelp Pr\u00e9mium eg\u00e9szs\u00e9gbiztos\u00edt\u00e1s, ahol Te d\u00f6nt\u00f6d el, melyik orvoshoz fordulsz, melyik int\u00e9zm\u00e9nyben szeretn\u00e9l vizsg\u00e1latot, kezel\u00e9st kapni vagy ak\u00e1r sz\u00fclni \u2013 itthon [&hellip;]\" \/>\n<meta property=\"og:url\" content=\"https:\/\/genpek.hu\/en\/ajanlat\/\" \/>\n<meta property=\"article:publisher\" content=\"https:\/\/www.facebook.com\/pekkerika\" \/>\n<meta property=\"article:modified_time\" content=\"2025-10-27T20:43:34+00:00\" \/>\n<meta property=\"og:image\" content=\"https:\/\/genpek.hu\/wp-content\/uploads\/2025\/09\/generali-2-e1757097226179.png\" \/>\n\t<meta property=\"og:image:width\" content=\"670\" \/>\n\t<meta property=\"og:image:height\" content=\"548\" \/>\n\t<meta property=\"og:image:type\" content=\"image\/png\" \/>\n<meta name=\"twitter:card\" content=\"summary_large_image\" \/>\n<meta name=\"twitter:label1\" content=\"Estimated reading time\" \/>\n\t<meta name=\"twitter:data1\" content=\"1 minute\" \/>\n<script type=\"application\/ld+json\" class=\"yoast-schema-graph\">{\"@context\":\"https:\/\/schema.org\",\"@graph\":[{\"@type\":\"WebPage\",\"@id\":\"https:\/\/genpek.hu\/ajanlat\/\",\"url\":\"https:\/\/genpek.hu\/ajanlat\/\",\"name\":\"Ajanlat -\",\"isPartOf\":{\"@id\":\"https:\/\/genpek.hu\/#website\"},\"primaryImageOfPage\":{\"@id\":\"https:\/\/genpek.hu\/ajanlat\/#primaryimage\"},\"image\":{\"@id\":\"https:\/\/genpek.hu\/ajanlat\/#primaryimage\"},\"thumbnailUrl\":\"https:\/\/genpek.hu\/wp-content\/uploads\/2025\/09\/generali-2-e1757097226179.png\",\"datePublished\":\"2025-10-03T11:50:28+00:00\",\"dateModified\":\"2025-10-27T20:43:34+00:00\",\"breadcrumb\":{\"@id\":\"https:\/\/genpek.hu\/ajanlat\/#breadcrumb\"},\"inLanguage\":\"en-GB\",\"potentialAction\":[{\"@type\":\"ReadAction\",\"target\":[\"https:\/\/genpek.hu\/ajanlat\/\"]}]},{\"@type\":\"ImageObject\",\"inLanguage\":\"en-GB\",\"@id\":\"https:\/\/genpek.hu\/ajanlat\/#primaryimage\",\"url\":\"https:\/\/genpek.hu\/wp-content\/uploads\/2025\/09\/generali-2-e1757097226179.png\",\"contentUrl\":\"https:\/\/genpek.hu\/wp-content\/uploads\/2025\/09\/generali-2-e1757097226179.png\"},{\"@type\":\"BreadcrumbList\",\"@id\":\"https:\/\/genpek.hu\/ajanlat\/#breadcrumb\",\"itemListElement\":[{\"@type\":\"ListItem\",\"position\":1,\"name\":\"Kezd\u0151lap\",\"item\":\"https:\/\/genpek.hu\/\"},{\"@type\":\"ListItem\",\"position\":2,\"name\":\"Ajanlat\"}]},{\"@type\":\"WebSite\",\"@id\":\"https:\/\/genpek.hu\/#website\",\"url\":\"https:\/\/genpek.hu\/\",\"name\":\"genpek.hu\",\"description\":\"\",\"publisher\":{\"@id\":\"https:\/\/genpek.hu\/#organization\"},\"potentialAction\":[{\"@type\":\"SearchAction\",\"target\":{\"@type\":\"EntryPoint\",\"urlTemplate\":\"https:\/\/genpek.hu\/?s={search_term_string}\"},\"query-input\":{\"@type\":\"PropertyValueSpecification\",\"valueRequired\":true,\"valueName\":\"search_term_string\"}}],\"inLanguage\":\"en-GB\"},{\"@type\":\"Organization\",\"@id\":\"https:\/\/genpek.hu\/#organization\",\"name\":\"GenPek Kft.\",\"url\":\"https:\/\/genpek.hu\/\",\"logo\":{\"@type\":\"ImageObject\",\"inLanguage\":\"en-GB\",\"@id\":\"https:\/\/genpek.hu\/#\/schema\/logo\/image\/\",\"url\":\"https:\/\/genpek.hu\/wp-content\/uploads\/2025\/09\/Screenshot-2025-07-31-at-12.16.29-e1757941225938.png\",\"contentUrl\":\"https:\/\/genpek.hu\/wp-content\/uploads\/2025\/09\/Screenshot-2025-07-31-at-12.16.29-e1757941225938.png\",\"width\":1434,\"height\":1434,\"caption\":\"GenPek Kft.\"},\"image\":{\"@id\":\"https:\/\/genpek.hu\/#\/schema\/logo\/image\/\"},\"sameAs\":[\"https:\/\/www.facebook.com\/pekkerika\"]}]}<\/script>\n<!-- \/ Yoast SEO Premium plugin. -->","yoast_head_json":{"title":"Ajanlat -","robots":{"index":"index","follow":"follow","max-snippet":"max-snippet:-1","max-image-preview":"max-image-preview:large","max-video-preview":"max-video-preview:-1"},"canonical":"https:\/\/genpek.hu\/en\/ajanlat\/","og_locale":"en_GB","og_type":"article","og_title":"Ajanlat","og_description":"V\u00e1lasszon a term\u00e9kek k\u00f6z\u00fcl, mi hozzuk az aj\u00e1nlatot PrivateCare Eg\u00e9szs\u00e9gbiztos\u00edt\u00e1s Neked vagy az eg\u00e9sz csal\u00e1dnak, ahol a biztos\u00edt\u00f3 mindent k\u00e9zben tart: megszervezi az ell\u00e1t\u00e1st, \u00e1llja a k\u00f6lts\u00e9geket \u00e9s v\u00e9gigk\u00eds\u00e9r a folyamaton Aj\u00e1nlatot k\u00e9rek erre MediHelp Pr\u00e9mium eg\u00e9szs\u00e9gbiztos\u00edt\u00e1s, ahol Te d\u00f6nt\u00f6d el, melyik orvoshoz fordulsz, melyik int\u00e9zm\u00e9nyben szeretn\u00e9l vizsg\u00e1latot, kezel\u00e9st kapni vagy ak\u00e1r sz\u00fclni \u2013 itthon [&hellip;]","og_url":"https:\/\/genpek.hu\/en\/ajanlat\/","article_publisher":"https:\/\/www.facebook.com\/pekkerika","article_modified_time":"2025-10-27T20:43:34+00:00","og_image":[{"width":670,"height":548,"url":"https:\/\/genpek.hu\/wp-content\/uploads\/2025\/09\/generali-2-e1757097226179.png","type":"image\/png"}],"twitter_card":"summary_large_image","twitter_misc":{"Estimated reading time":"1 minute"},"schema":{"@context":"https:\/\/schema.org","@graph":[{"@type":"WebPage","@id":"https:\/\/genpek.hu\/ajanlat\/","url":"https:\/\/genpek.hu\/ajanlat\/","name":"Ajanlat -","isPartOf":{"@id":"https:\/\/genpek.hu\/#website"},"primaryImageOfPage":{"@id":"https:\/\/genpek.hu\/ajanlat\/#primaryimage"},"image":{"@id":"https:\/\/genpek.hu\/ajanlat\/#primaryimage"},"thumbnailUrl":"https:\/\/genpek.hu\/wp-content\/uploads\/2025\/09\/generali-2-e1757097226179.png","datePublished":"2025-10-03T11:50:28+00:00","dateModified":"2025-10-27T20:43:34+00:00","breadcrumb":{"@id":"https:\/\/genpek.hu\/ajanlat\/#breadcrumb"},"inLanguage":"en-GB","potentialAction":[{"@type":"ReadAction","target":["https:\/\/genpek.hu\/ajanlat\/"]}]},{"@type":"ImageObject","inLanguage":"en-GB","@id":"https:\/\/genpek.hu\/ajanlat\/#primaryimage","url":"https:\/\/genpek.hu\/wp-content\/uploads\/2025\/09\/generali-2-e1757097226179.png","contentUrl":"https:\/\/genpek.hu\/wp-content\/uploads\/2025\/09\/generali-2-e1757097226179.png"},{"@type":"BreadcrumbList","@id":"https:\/\/genpek.hu\/ajanlat\/#breadcrumb","itemListElement":[{"@type":"ListItem","position":1,"name":"Kezd\u0151lap","item":"https:\/\/genpek.hu\/"},{"@type":"ListItem","position":2,"name":"Ajanlat"}]},{"@type":"WebSite","@id":"https:\/\/genpek.hu\/#website","url":"https:\/\/genpek.hu\/","name":"genpek.hu","description":"","publisher":{"@id":"https:\/\/genpek.hu\/#organization"},"potentialAction":[{"@type":"SearchAction","target":{"@type":"EntryPoint","urlTemplate":"https:\/\/genpek.hu\/?s={search_term_string}"},"query-input":{"@type":"PropertyValueSpecification","valueRequired":true,"valueName":"search_term_string"}}],"inLanguage":"en-GB"},{"@type":"Organization","@id":"https:\/\/genpek.hu\/#organization","name":"GenPek Kft.","url":"https:\/\/genpek.hu\/","logo":{"@type":"ImageObject","inLanguage":"en-GB","@id":"https:\/\/genpek.hu\/#\/schema\/logo\/image\/","url":"https:\/\/genpek.hu\/wp-content\/uploads\/2025\/09\/Screenshot-2025-07-31-at-12.16.29-e1757941225938.png","contentUrl":"https:\/\/genpek.hu\/wp-content\/uploads\/2025\/09\/Screenshot-2025-07-31-at-12.16.29-e1757941225938.png","width":1434,"height":1434,"caption":"GenPek Kft."},"image":{"@id":"https:\/\/genpek.hu\/#\/schema\/logo\/image\/"},"sameAs":["https:\/\/www.facebook.com\/pekkerika"]}]}},"_links":{"self":[{"href":"https:\/\/genpek.hu\/en\/wp-json\/wp\/v2\/pages\/1632","targetHints":{"allow":["GET"]}}],"collection":[{"href":"https:\/\/genpek.hu\/en\/wp-json\/wp\/v2\/pages"}],"about":[{"href":"https:\/\/genpek.hu\/en\/wp-json\/wp\/v2\/types\/page"}],"author":[{"embeddable":true,"href":"https:\/\/genpek.hu\/en\/wp-json\/wp\/v2\/users\/1"}],"replies":[{"embeddable":true,"href":"https:\/\/genpek.hu\/en\/wp-json\/wp\/v2\/comments?post=1632"}],"version-history":[{"count":26,"href":"https:\/\/genpek.hu\/en\/wp-json\/wp\/v2\/pages\/1632\/revisions"}],"predecessor-version":[{"id":2254,"href":"https:\/\/genpek.hu\/en\/wp-json\/wp\/v2\/pages\/1632\/revisions\/2254"}],"wp:attachment":[{"href":"https:\/\/genpek.hu\/en\/wp-json\/wp\/v2\/media?parent=1632"}],"curies":[{"name":"wp","href":"https:\/\/api.w.org\/{rel}","templated":true}]}}